{"id":110,"date":"2025-01-23T21:47:57","date_gmt":"2025-01-23T21:47:57","guid":{"rendered":"https:\/\/nuestrareinalatina.com\/web\/?page_id=110"},"modified":"2025-05-05T21:59:29","modified_gmt":"2025-05-05T21:59:29","slug":"casting","status":"publish","type":"page","link":"https:\/\/nuestrareinalatina.com\/web\/casting\/","title":{"rendered":"Casting"},"content":{"rendered":"\t\t<div data-elementor-type=\"wp-page\" data-elementor-id=\"110\" class=\"elementor elementor-110\" data-elementor-post-type=\"page\">\n\t\t\t\t<div class=\"elementor-element elementor-element-a0c3ca2 e-flex e-con-boxed e-con e-parent\" data-id=\"a0c3ca2\" data-element_type=\"container\" data-e-type=\"container\" data-settings=\"{&quot;background_background&quot;:&quot;classic&quot;}\">\n\t\t\t\t\t<div class=\"e-con-inner\">\n\t\t<div class=\"elementor-element elementor-element-deb59d1 e-con-full e-flex e-con e-child\" data-id=\"deb59d1\" data-element_type=\"container\" data-e-type=\"container\">\n\t\t\t\t<div class=\"elementor-element elementor-element-28f511d elementor-widget elementor-widget-heading\" data-id=\"28f511d\" data-element_type=\"widget\" data-e-type=\"widget\" data-widget_type=\"heading.default\">\n\t\t\t\t<div class=\"elementor-widget-container\">\n\t\t\t\t\t<h1 class=\"elementor-heading-title elementor-size-default\">La verdadera belleza se nutre de experiencias y madurez.<\/h1>\t\t\t\t<\/div>\n\t\t\t\t<\/div>\n\t\t\t\t<div class=\"elementor-element elementor-element-13ddbde elementor-widget elementor-widget-text-editor\" data-id=\"13ddbde\" data-element_type=\"widget\" data-e-type=\"widget\" data-widget_type=\"text-editor.default\">\n\t\t\t\t<div class=\"elementor-widget-container\">\n\t\t\t\t\t\t\t\t\t\u00a1Tu momento de brillar ha llegado! Participa en el casting de Nuestra Reina Latina.\t\t\t\t\t\t\t\t<\/div>\n\t\t\t\t<\/div>\n\t\t\t\t<\/div>\n\t\t<div class=\"elementor-element elementor-element-c2a1a0e e-con-full e-flex e-con e-child\" data-id=\"c2a1a0e\" data-element_type=\"container\" data-e-type=\"container\">\n\t\t\t\t<div class=\"elementor-element elementor-element-629ab27 elementor-widget__width-initial elementor-widget elementor-widget-image\" data-id=\"629ab27\" data-element_type=\"widget\" data-e-type=\"widget\" data-widget_type=\"image.default\">\n\t\t\t\t<div class=\"elementor-widget-container\">\n\t\t\t\t\t\t\t\t\t\t\t\t\t\t\t<img fetchpriority=\"high\" decoding=\"async\" width=\"450\" height=\"823\" src=\"https:\/\/nuestrareinalatina.com\/web\/wp-content\/uploads\/2025\/01\/nuestra-reina-latina_casting-img01.webp\" class=\"attachment-large size-large wp-image-113\" alt=\"\" srcset=\"https:\/\/nuestrareinalatina.com\/web\/wp-content\/uploads\/2025\/01\/nuestra-reina-latina_casting-img01.webp 450w, https:\/\/nuestrareinalatina.com\/web\/wp-content\/uploads\/2025\/01\/nuestra-reina-latina_casting-img01-164x300.webp 164w\" sizes=\"100vw\" \/>\t\t\t\t\t\t\t\t\t\t\t\t\t\t\t<\/div>\n\t\t\t\t<\/div>\n\t\t\t\t<\/div>\n\t\t\t\t\t<\/div>\n\t\t\t\t<\/div>\n\t\t<div class=\"elementor-element elementor-element-d945d8c e-flex e-con-boxed e-con e-parent\" data-id=\"d945d8c\" data-element_type=\"container\" data-e-type=\"container\">\n\t\t\t\t\t<div class=\"e-con-inner\">\n\t\t\t\t<div class=\"elementor-element elementor-element-1c6b489 elementor-widget elementor-widget-heading\" data-id=\"1c6b489\" data-element_type=\"widget\" data-e-type=\"widget\" data-widget_type=\"heading.default\">\n\t\t\t\t<div class=\"elementor-widget-container\">\n\t\t\t\t\t<h1 class=\"elementor-heading-title elementor-size-default\">\u00a1Inscr\u00edbete Aqu\u00ed!<\/h1>\t\t\t\t<\/div>\n\t\t\t\t<\/div>\n\t\t\t\t<div class=\"elementor-element elementor-element-88d1573 elementor-button-align-center elementor-widget__width-initial elementor-widget elementor-widget-form\" data-id=\"88d1573\" data-element_type=\"widget\" data-e-type=\"widget\" data-settings=\"{&quot;button_width&quot;:&quot;100&quot;,&quot;step_type&quot;:&quot;number_text&quot;,&quot;step_icon_shape&quot;:&quot;circle&quot;}\" data-widget_type=\"form.default\">\n\t\t\t\t<div class=\"elementor-widget-container\">\n\t\t\t\t\t\t\t<form class=\"elementor-form\" method=\"post\" name=\"FORM GLOBAL\">\n\t\t\t<input type=\"hidden\" name=\"post_id\" value=\"110\"\/>\n\t\t\t<input type=\"hidden\" name=\"form_id\" value=\"88d1573\"\/>\n\t\t\t<input type=\"hidden\" name=\"referer_title\" value=\"Casting\" \/>\n\n\t\t\t\t\t\t\t<input type=\"hidden\" name=\"queried_id\" value=\"110\"\/>\n\t\t\t\n\t\t\t<div class=\"elementor-form-fields-wrapper elementor-labels-above\">\n\t\t\t\t\t\t\t\t<div class=\"elementor-field-type-text elementor-field-group elementor-column elementor-field-group-name elementor-col-50 elementor-field-required\">\n\t\t\t\t\t\t\t\t\t\t\t\t\t<input size=\"1\" type=\"text\" name=\"form_fields[name]\" id=\"form-field-name\" class=\"elementor-field elementor-size-sm  elementor-field-textual\" placeholder=\"Nombre\" required=\"required\">\n\t\t\t\t\t\t\t\t\t\t\t<\/div>\n\t\t\t\t\t\t\t\t<div class=\"elementor-field-type-tel elementor-field-group elementor-column elementor-field-group-field_cf1729a elementor-col-50 elementor-field-required\">\n\t\t\t\t\t\t\t<input size=\"1\" type=\"tel\" name=\"form_fields[field_cf1729a]\" id=\"form-field-field_cf1729a\" class=\"elementor-field elementor-size-sm  elementor-field-textual\" placeholder=\"Tel\u00e9fono\" required=\"required\" pattern=\"[0-9()#&amp;+*-=.]+\" title=\"Solo se aceptan n\u00fameros y caracteres de tel\u00e9fono (#,-,*,etc).\">\n\n\t\t\t\t\t\t<\/div>\n\t\t\t\t\t\t\t\t<div class=\"elementor-field-type-email elementor-field-group elementor-column elementor-field-group-email elementor-col-50 elementor-field-required\">\n\t\t\t\t\t\t\t\t\t\t\t\t\t<input size=\"1\" type=\"email\" name=\"form_fields[email]\" id=\"form-field-email\" class=\"elementor-field elementor-size-sm  elementor-field-textual\" placeholder=\"Correo electr\u00f3nico\" required=\"required\">\n\t\t\t\t\t\t\t\t\t\t\t<\/div>\n\t\t\t\t\t\t\t\t<div class=\"elementor-field-type-number elementor-field-group elementor-column elementor-field-group-field_c6c4839 elementor-col-50\">\n\t\t\t\t\t\t\t\t<input type=\"number\" name=\"form_fields[field_c6c4839]\" id=\"form-field-field_c6c4839\" class=\"elementor-field elementor-size-sm  elementor-field-textual\" placeholder=\"Edad\" min=\"18\" max=\"\" >\n\t\t\t\t\t\t<\/div>\n\t\t\t\t\t\t\t\t<div class=\"elementor-field-group elementor-column elementor-field-type-submit elementor-col-100 e-form__buttons\">\n\t\t\t\t\t<button class=\"elementor-button elementor-size-sm\" type=\"submit\">\n\t\t\t\t\t\t<span class=\"elementor-button-content-wrapper\">\n\t\t\t\t\t\t\t\t\t\t\t\t\t\t\t\t\t\t\t\t\t\t<span class=\"elementor-button-text\">Enviar<\/span>\n\t\t\t\t\t\t\t\t\t\t\t\t\t<\/span>\n\t\t\t\t\t<\/button>\n\t\t\t\t<\/div>\n\t\t\t<\/div>\n\t\t<\/form>\n\t\t\t\t\t\t<\/div>\n\t\t\t\t<\/div>\n\t\t\t\t\t<\/div>\n\t\t\t\t<\/div>\n\t\t<div class=\"elementor-element elementor-element-e081c96 e-flex e-con-boxed e-con e-parent\" data-id=\"e081c96\" data-element_type=\"container\" data-e-type=\"container\" data-settings=\"{&quot;background_background&quot;:&quot;classic&quot;}\">\n\t\t\t\t\t<div class=\"e-con-inner\">\n\t\t<div class=\"elementor-element elementor-element-5e42211 e-con-full e-flex e-con e-child\" data-id=\"5e42211\" data-element_type=\"container\" data-e-type=\"container\">\n\t\t\t\t<div class=\"elementor-element elementor-element-e7dd4d5 elementor-widget elementor-widget-heading\" data-id=\"e7dd4d5\" data-element_type=\"widget\" data-e-type=\"widget\" data-widget_type=\"heading.default\">\n\t\t\t\t<div class=\"elementor-widget-container\">\n\t\t\t\t\t<h1 class=\"elementor-heading-title elementor-size-default\">\u00bfCumples con los requisitos?<\/h1>\t\t\t\t<\/div>\n\t\t\t\t<\/div>\n\t\t\t\t<div class=\"elementor-element elementor-element-253302c elementor-widget__width-initial elementor-widget elementor-widget-text-editor\" data-id=\"253302c\" data-element_type=\"widget\" data-e-type=\"widget\" data-widget_type=\"text-editor.default\">\n\t\t\t\t<div class=\"elementor-widget-container\">\n\t\t\t\t\t\t\t\t\t<p>1. CUALQUIER ESTADO CIVIL.<\/p>\n<p>2. EDAD DE 30 A\u00d1OS EN ADELANTE.<\/p>\n<p>3. CON O SIN HIJOS.<\/p>\n<p>4. BUENA CONDICI\u00d3N F\u00cdSICA A NIVEL GENERAL, NO EXCLUYENTE.<\/p>\n<p>5. DE PREFERENCIA, QUE TENGA UN EMPRENDIMIENTO O UNA MARCA PERSONAL.<\/p>\n<p>6. LATINAS CON MANEJO DEL IDIOMA ESPA\u00d1OL. SIN EMBARGO, DE NO MANEJAR DEL TODO EL IDIOMA, HABR\u00c1 OPCIONES PARA TI.<\/p>\n<p>7. MUJER BIOL\u00d3GICA.<\/p>\n<p>8. GANAS DE INSPIRAR, TRANSFORMAR Y MOSTRAR AL MUNDO TU POTENCIAL Y AUTENTICIDAD<\/p>\n<p>9. FACILIDAD DE MOVILIDAD A ORLANDO PARA EVENTOS PUNTUALES EN FECHAS CERCANAS AL D\u00cdA DEL CONCURSO. (CANDIDATAS FUERA DE ORLANDO, SU PREPARACI\u00d3N PREVIA SER\u00c1 EN SU LOCACI\u00d3N)<\/p>\n<p>10. LAS CANDIDATAS PODR\u00c1N BUSCAR HASTA 4 PATROCINANTES (PUEDE SER SU PROPIA MARCA) TENDR\u00c1N SU PUBLICIDAD EN INSTAGRAM, EVENTOS Y D\u00cdA DE CORONACI\u00d3N.<\/p>\t\t\t\t\t\t\t\t<\/div>\n\t\t\t\t<\/div>\n\t\t\t\t<div class=\"elementor-element elementor-element-6f22049 elementor-align-center cta elementor-widget elementor-widget-button\" data-id=\"6f22049\" data-element_type=\"widget\" data-e-type=\"widget\" data-widget_type=\"button.default\">\n\t\t\t\t<div class=\"elementor-widget-container\">\n\t\t\t\t\t\t\t\t\t<div class=\"elementor-button-wrapper\">\n\t\t\t\t\t<a class=\"elementor-button elementor-button-link elementor-size-sm\" href=\"https:\/\/drive.google.com\/file\/d\/1I1gBlyUtEogyWT_TFNaDQumEApwpKAd0\/view?usp=drive_link\" target=\"_blank\">\n\t\t\t\t\t\t<span class=\"elementor-button-content-wrapper\">\n\t\t\t\t\t\t\t\t\t<span class=\"elementor-button-text\">Descargar presentaci\u00f3n<\/span>\n\t\t\t\t\t<\/span>\n\t\t\t\t\t<\/a>\n\t\t\t\t<\/div>\n\t\t\t\t\t\t\t\t<\/div>\n\t\t\t\t<\/div>\n\t\t\t\t<\/div>\n\t\t\t\t\t<\/div>\n\t\t\t\t<\/div>\n\t\t<div class=\"elementor-element elementor-element-0e3c4a2 e-flex e-con-boxed e-con e-parent\" data-id=\"0e3c4a2\" data-element_type=\"container\" data-e-type=\"container\">\n\t\t\t\t\t<div class=\"e-con-inner\">\n\t\t\t\t<div class=\"elementor-element elementor-element-7f2cb5f elementor-widget elementor-widget-heading\" data-id=\"7f2cb5f\" data-element_type=\"widget\" data-e-type=\"widget\" data-widget_type=\"heading.default\">\n\t\t\t\t<div class=\"elementor-widget-container\">\n\t\t\t\t\t<h1 class=\"elementor-heading-title elementor-size-default\">\u00bfC\u00f3mo es el proceso de inscripci\u00f3n?<\/h1>\t\t\t\t<\/div>\n\t\t\t\t<\/div>\n\t\t\t\t<div class=\"elementor-element elementor-element-fa92d4b elementor-widget__width-initial elementor-widget elementor-widget-text-editor\" data-id=\"fa92d4b\" data-element_type=\"widget\" data-e-type=\"widget\" data-widget_type=\"text-editor.default\">\n\t\t\t\t<div class=\"elementor-widget-container\">\n\t\t\t\t\t\t\t\t\t<p>1. Deber\u00e1s llenar nuestro formulario, sin ning\u00fan costo.<\/p><p>2. Asistir a alguno de los castings, seg\u00fan sea tu comodidad geogr\u00e1fica.<\/p><p>3. Participar en el casting y esperar el resultado de la selecci\u00f3n.<\/p><p>4. En caso de quedar seleccionada, deber\u00e1s formalizar tu inscripci\u00f3n con el pago de la misma y la consignaci\u00f3n de tus documentos, los cuales se te informar\u00e1 oportunamente.<\/p>\t\t\t\t\t\t\t\t<\/div>\n\t\t\t\t<\/div>\n\t\t\t\t\t<\/div>\n\t\t\t\t<\/div>\n\t\t<div class=\"elementor-element elementor-element-8d99aef e-flex e-con-boxed e-con e-parent\" data-id=\"8d99aef\" data-element_type=\"container\" data-e-type=\"container\">\n\t\t\t\t\t<div class=\"e-con-inner\">\n\t\t\t\t<div class=\"elementor-element elementor-element-d2980de elementor-widget elementor-widget-heading\" data-id=\"d2980de\" data-element_type=\"widget\" data-e-type=\"widget\" data-widget_type=\"heading.default\">\n\t\t\t\t<div class=\"elementor-widget-container\">\n\t\t\t\t\t<h1 class=\"elementor-heading-title elementor-size-default\">\u00a1\u00danete a nosotras y demuestra que la verdadera belleza trasciende con los a\u00f1os!<\/h1>\t\t\t\t<\/div>\n\t\t\t\t<\/div>\n\t\t\t\t<div class=\"elementor-element elementor-element-7f930a4 elementor-widget__width-initial elementor-widget elementor-widget-text-editor\" data-id=\"7f930a4\" data-element_type=\"widget\" data-e-type=\"widget\" data-widget_type=\"text-editor.default\">\n\t\t\t\t<div class=\"elementor-widget-container\">\n\t\t\t\t\t\t\t\t\t<p>Si eres una mujer madura llena de confianza, experiencia y amor propio, este casting es para ti. No importa si tienes 30 o m\u00e1s, en Nuestra Reina Latina encontrar\u00e1s un espacio en donde tu autenticidad ser\u00e1 valorada y donde podr\u00e1s mostrar al mundo todo tu esplendor.<\/p>\t\t\t\t\t\t\t\t<\/div>\n\t\t\t\t<\/div>\n\t\t\t\t\t<\/div>\n\t\t\t\t<\/div>\n\t\t<div class=\"elementor-element elementor-element-a6f93d2 elementor-hidden-desktop elementor-hidden-tablet elementor-hidden-mobile e-flex e-con-boxed e-con e-parent\" data-id=\"a6f93d2\" data-element_type=\"container\" data-e-type=\"container\">\n\t\t\t\t\t<div class=\"e-con-inner\">\n\t\t\t\t<div class=\"elementor-element elementor-element-f27c8d6 elementor-widget elementor-widget-heading\" data-id=\"f27c8d6\" data-element_type=\"widget\" data-e-type=\"widget\" data-widget_type=\"heading.default\">\n\t\t\t\t<div class=\"elementor-widget-container\">\n\t\t\t\t\t<h1 class=\"elementor-heading-title elementor-size-default\">\u00bfC\u00f3mo posar en nuestras fotos?<\/h1>\t\t\t\t<\/div>\n\t\t\t\t<\/div>\n\t\t\t\t\t<\/div>\n\t\t\t\t<\/div>\n\t\t<div class=\"elementor-element elementor-element-1814375 elementor-hidden-desktop elementor-hidden-tablet elementor-hidden-mobile e-flex e-con-boxed e-con e-parent\" data-id=\"1814375\" data-element_type=\"container\" data-e-type=\"container\">\n\t\t\t\t\t<div class=\"e-con-inner\">\n\t\t<div class=\"elementor-element elementor-element-850bee1 e-con-full e-flex e-con e-child\" data-id=\"850bee1\" data-element_type=\"container\" data-e-type=\"container\">\n\t\t\t\t<div class=\"elementor-element elementor-element-478c4bc elementor-widget elementor-widget-image\" data-id=\"478c4bc\" data-element_type=\"widget\" data-e-type=\"widget\" data-widget_type=\"image.default\">\n\t\t\t\t<div class=\"elementor-widget-container\">\n\t\t\t\t\t\t\t\t\t\t\t\t\t\t\t<img decoding=\"async\" width=\"273\" height=\"401\" src=\"https:\/\/nuestrareinalatina.com\/web\/wp-content\/uploads\/2025\/01\/nuestra-reina-latina_casting-img03.webp\" class=\"attachment-large size-large wp-image-130\" alt=\"\" srcset=\"https:\/\/nuestrareinalatina.com\/web\/wp-content\/uploads\/2025\/01\/nuestra-reina-latina_casting-img03.webp 273w, https:\/\/nuestrareinalatina.com\/web\/wp-content\/uploads\/2025\/01\/nuestra-reina-latina_casting-img03-204x300.webp 204w\" sizes=\"100vw\" \/>\t\t\t\t\t\t\t\t\t\t\t\t\t\t\t<\/div>\n\t\t\t\t<\/div>\n\t\t\t\t<div class=\"elementor-element elementor-element-59d8aea elementor-widget__width-initial elementor-widget elementor-widget-text-editor\" data-id=\"59d8aea\" data-element_type=\"widget\" data-e-type=\"widget\" data-widget_type=\"text-editor.default\">\n\t\t\t\t<div class=\"elementor-widget-container\">\n\t\t\t\t\t\t\t\t\tFoto de cuerpo entero\n\t\t\t\t\t\t\t\t<\/div>\n\t\t\t\t<\/div>\n\t\t\t\t<\/div>\n\t\t<div class=\"elementor-element elementor-element-7fcf8e4 e-con-full e-flex e-con e-child\" data-id=\"7fcf8e4\" data-element_type=\"container\" data-e-type=\"container\">\n\t\t\t\t<div class=\"elementor-element elementor-element-5c88ad6 elementor-widget elementor-widget-image\" data-id=\"5c88ad6\" data-element_type=\"widget\" data-e-type=\"widget\" data-widget_type=\"image.default\">\n\t\t\t\t<div class=\"elementor-widget-container\">\n\t\t\t\t\t\t\t\t\t\t\t\t\t\t\t<img decoding=\"async\" width=\"273\" height=\"401\" src=\"https:\/\/nuestrareinalatina.com\/web\/wp-content\/uploads\/2025\/01\/nuestra-reina-latina_casting-img04.webp\" class=\"attachment-large size-large wp-image-131\" alt=\"\" srcset=\"https:\/\/nuestrareinalatina.com\/web\/wp-content\/uploads\/2025\/01\/nuestra-reina-latina_casting-img04.webp 273w, https:\/\/nuestrareinalatina.com\/web\/wp-content\/uploads\/2025\/01\/nuestra-reina-latina_casting-img04-204x300.webp 204w\" sizes=\"100vw\" \/>\t\t\t\t\t\t\t\t\t\t\t\t\t\t\t<\/div>\n\t\t\t\t<\/div>\n\t\t\t\t<div class=\"elementor-element elementor-element-9d093a3 elementor-widget__width-initial elementor-widget elementor-widget-text-editor\" data-id=\"9d093a3\" data-element_type=\"widget\" data-e-type=\"widget\" data-widget_type=\"text-editor.default\">\n\t\t\t\t<div class=\"elementor-widget-container\">\n\t\t\t\t\t\t\t\t\tFoto primer plano\t\t\t\t\t\t\t\t<\/div>\n\t\t\t\t<\/div>\n\t\t\t\t<\/div>\n\t\t<div class=\"elementor-element elementor-element-cd437ca e-con-full e-flex e-con e-child\" data-id=\"cd437ca\" data-element_type=\"container\" data-e-type=\"container\">\n\t\t\t\t<div class=\"elementor-element elementor-element-6bbd592 elementor-widget elementor-widget-image\" data-id=\"6bbd592\" data-element_type=\"widget\" data-e-type=\"widget\" data-widget_type=\"image.default\">\n\t\t\t\t<div class=\"elementor-widget-container\">\n\t\t\t\t\t\t\t\t\t\t\t\t\t\t\t<img loading=\"lazy\" decoding=\"async\" width=\"273\" height=\"401\" src=\"https:\/\/nuestrareinalatina.com\/web\/wp-content\/uploads\/2025\/01\/nuestra-reina-latina_casting-img05.webp\" class=\"attachment-large size-large wp-image-132\" alt=\"\" srcset=\"https:\/\/nuestrareinalatina.com\/web\/wp-content\/uploads\/2025\/01\/nuestra-reina-latina_casting-img05.webp 273w, https:\/\/nuestrareinalatina.com\/web\/wp-content\/uploads\/2025\/01\/nuestra-reina-latina_casting-img05-204x300.webp 204w\" sizes=\"100vw\" \/>\t\t\t\t\t\t\t\t\t\t\t\t\t\t\t<\/div>\n\t\t\t\t<\/div>\n\t\t\t\t<div class=\"elementor-element elementor-element-5929fb4 elementor-widget__width-initial elementor-widget elementor-widget-text-editor\" data-id=\"5929fb4\" data-element_type=\"widget\" data-e-type=\"widget\" data-widget_type=\"text-editor.default\">\n\t\t\t\t<div class=\"elementor-widget-container\">\n\t\t\t\t\t\t\t\t\tFoto con tu personalidad\n\t\t\t\t\t\t\t\t<\/div>\n\t\t\t\t<\/div>\n\t\t\t\t<\/div>\n\t\t\t\t\t<\/div>\n\t\t\t\t<\/div>\n\t\t\t\t<\/div>\n\t\t","protected":false},"excerpt":{"rendered":"<p>La verdadera belleza se nutre de experiencias y madurez. \u00a1Tu momento de brillar ha llegado! Participa en el casting de Nuestra Reina Latina. \u00a1Inscr\u00edbete Aqu\u00ed! \u00bfCumples con los requisitos? 1. CUALQUIER ESTADO CIVIL. 2. EDAD DE 30 A\u00d1OS EN ADELANTE. 3. CON O SIN HIJOS. 4. BUENA CONDICI\u00d3N F\u00cdSICA A NIVEL GENERAL, NO EXCLUYENTE. 5. &hellip; <\/p>\n<p class=\"link-more\"><a href=\"https:\/\/nuestrareinalatina.com\/web\/casting\/\" class=\"more-link\">Continuar leyendo<span class=\"screen-reader-text\"> \u00abCasting\u00bb<\/span><\/a><\/p>\n","protected":false},"author":1,"featured_media":0,"parent":0,"menu_order":0,"comment_status":"closed","ping_status":"closed","template":"elementor_header_footer","meta":{"footnotes":""},"class_list":["post-110","page","type-page","status-publish","hentry"],"_links":{"self":[{"href":"https:\/\/nuestrareinalatina.com\/web\/wp-json\/wp\/v2\/pages\/110","targetHints":{"allow":["GET"]}}],"collection":[{"href":"https:\/\/nuestrareinalatina.com\/web\/wp-json\/wp\/v2\/pages"}],"about":[{"href":"https:\/\/nuestrareinalatina.com\/web\/wp-json\/wp\/v2\/types\/page"}],"author":[{"embeddable":true,"href":"https:\/\/nuestrareinalatina.com\/web\/wp-json\/wp\/v2\/users\/1"}],"replies":[{"embeddable":true,"href":"https:\/\/nuestrareinalatina.com\/web\/wp-json\/wp\/v2\/comments?post=110"}],"version-history":[{"count":61,"href":"https:\/\/nuestrareinalatina.com\/web\/wp-json\/wp\/v2\/pages\/110\/revisions"}],"predecessor-version":[{"id":728,"href":"https:\/\/nuestrareinalatina.com\/web\/wp-json\/wp\/v2\/pages\/110\/revisions\/728"}],"wp:attachment":[{"href":"https:\/\/nuestrareinalatina.com\/web\/wp-json\/wp\/v2\/media?parent=110"}],"curies":[{"name":"wp","href":"https:\/\/api.w.org\/{rel}","templated":true}]}}