{"id":143,"date":"2025-01-24T00:34:42","date_gmt":"2025-01-24T00:34:42","guid":{"rendered":"https:\/\/nuestrareinalatina.com\/web\/?page_id=143"},"modified":"2025-01-24T15:21:44","modified_gmt":"2025-01-24T15:21:44","slug":"ivana-lo-monaco","status":"publish","type":"page","link":"https:\/\/nuestrareinalatina.com\/web\/ivana-lo-monaco\/","title":{"rendered":"Ivana Lo Monaco"},"content":{"rendered":"\t\t<div data-elementor-type=\"wp-page\" data-elementor-id=\"143\" class=\"elementor elementor-143\" data-elementor-post-type=\"page\">\n\t\t\t\t<div class=\"elementor-element elementor-element-a0c3ca2 e-flex e-con-boxed e-con e-parent\" data-id=\"a0c3ca2\" data-element_type=\"container\" data-e-type=\"container\" data-settings=\"{&quot;background_background&quot;:&quot;classic&quot;}\">\n\t\t\t\t\t<div class=\"e-con-inner\">\n\t\t<div class=\"elementor-element elementor-element-c2a1a0e e-con-full e-flex e-con e-child\" data-id=\"c2a1a0e\" data-element_type=\"container\" data-e-type=\"container\">\n\t\t\t\t<div class=\"elementor-element elementor-element-629ab27 elementor-widget__width-initial elementor-widget elementor-widget-image\" data-id=\"629ab27\" data-element_type=\"widget\" data-e-type=\"widget\" data-widget_type=\"image.default\">\n\t\t\t\t<div class=\"elementor-widget-container\">\n\t\t\t\t\t\t\t\t\t\t\t\t\t\t\t<img fetchpriority=\"high\" decoding=\"async\" width=\"459\" height=\"1024\" src=\"https:\/\/nuestrareinalatina.com\/web\/wp-content\/uploads\/2025\/01\/nuestra-reina-latina_ivana-img01-459x1024.webp\" class=\"attachment-large size-large wp-image-145\" alt=\"\" srcset=\"https:\/\/nuestrareinalatina.com\/web\/wp-content\/uploads\/2025\/01\/nuestra-reina-latina_ivana-img01-459x1024.webp 459w, https:\/\/nuestrareinalatina.com\/web\/wp-content\/uploads\/2025\/01\/nuestra-reina-latina_ivana-img01-134x300.webp 134w, https:\/\/nuestrareinalatina.com\/web\/wp-content\/uploads\/2025\/01\/nuestra-reina-latina_ivana-img01.webp 464w\" sizes=\"100vw\" \/>\t\t\t\t\t\t\t\t\t\t\t\t\t\t\t<\/div>\n\t\t\t\t<\/div>\n\t\t\t\t<\/div>\n\t\t<div class=\"elementor-element elementor-element-deb59d1 e-con-full e-flex e-con e-child\" data-id=\"deb59d1\" data-element_type=\"container\" data-e-type=\"container\">\n\t\t\t\t<div class=\"elementor-element elementor-element-28f511d elementor-widget elementor-widget-heading\" data-id=\"28f511d\" data-element_type=\"widget\" data-e-type=\"widget\" data-widget_type=\"heading.default\">\n\t\t\t\t<div class=\"elementor-widget-container\">\n\t\t\t\t\t<h1 class=\"elementor-heading-title elementor-size-default\">Toda mujer fuerte y decidida, tiene oportunidad de brillar<\/h1>\t\t\t\t<\/div>\n\t\t\t\t<\/div>\n\t\t\t\t<\/div>\n\t\t\t\t\t<\/div>\n\t\t\t\t<\/div>\n\t\t<div class=\"elementor-element elementor-element-5d88f3c e-flex e-con-boxed e-con e-parent\" data-id=\"5d88f3c\" data-element_type=\"container\" data-e-type=\"container\">\n\t\t\t\t\t<div class=\"e-con-inner\">\n\t\t<div class=\"elementor-element elementor-element-f31dd0b e-con-full e-flex e-con e-child\" data-id=\"f31dd0b\" data-element_type=\"container\" data-e-type=\"container\">\n\t\t\t\t<div class=\"elementor-element elementor-element-24c1711 elementor-widget elementor-widget-heading\" data-id=\"24c1711\" data-element_type=\"widget\" data-e-type=\"widget\" data-widget_type=\"heading.default\">\n\t\t\t\t<div class=\"elementor-widget-container\">\n\t\t\t\t\t<h1 class=\"elementor-heading-title elementor-size-default\">Enamorada del mundo de la belleza<\/h1>\t\t\t\t<\/div>\n\t\t\t\t<\/div>\n\t\t\t\t<div class=\"elementor-element elementor-element-c44a8c2 elementor-widget__width-inherit elementor-widget elementor-widget-text-editor\" data-id=\"c44a8c2\" data-element_type=\"widget\" data-e-type=\"widget\" data-widget_type=\"text-editor.default\">\n\t\t\t\t<div class=\"elementor-widget-container\">\n\t\t\t\t\t\t\t\t\t<p>Desde que tengo memoria, me he sentido af\u00edn con el mundo del <b>modelaje<\/b>. Mi madre me cuenta que, desde muy temprana edad, ya desfilaba en el pasillo de nuestro hogar, como si estuviera destinada a caminar sobre una <b>pasarela<\/b>. De hecho, fue el apoyo incondicional de mis padres, ambos de <b>origen italiano<\/b>, el que me motiv\u00f3 a seguir con mi pasi\u00f3n.<\/p>\n<p>A los 12 a\u00f1os de edad, comenc\u00e9 a prepararme en la <b>academia Mar\u00eda Loreto y luego en la agencia Ritas<\/b>, de la cual egres\u00e9, como <b>modelo profesional<\/b>, un a\u00f1o despu\u00e9s.<\/p>\n<p>La emocionante oportunidad de estrenarme en el \u00e1rea fue en el certamen <b>Miss Teen Model Venezuela<\/b>, en el cual particip\u00e9 con apenas 14 a\u00f1os de edad, representando al estado Monagas. Luego, incursion\u00e9 en el <b>Miss Se\u00f1orita Panamericana<\/b>, con la banda del T\u00e1chira. Tambi\u00e9n tuve la oportunidad de ser parte del popular concurso \u00ab<b>\u00bfCu\u00e1nto vale el show?<\/b>\u00ab, emitido por Venevisi\u00f3n. Todo esto me fue preparando para uno de los momentos m\u00e1s emocionantes de mi vida: a los 21 a\u00f1os, fui al casting del <b>Miss Venezuela<\/b> <b>y tuve el honor de representar a Canaima en el 2003.<\/b><\/p>\n<p>Pienso que a\u00fan me queda mucho por hacer, ya que, a lo largo de mi vida, he comprendido que las mujeres maduras enfrentamos retos diferentes. Hoy en d\u00eda, quiero enfocarme en ayudarlas a emprender, cumplir sus sue\u00f1os y apoyar a otras a hacer lo mismo, pero fuera de est\u00e1ndares y a trav\u00e9s de su historia y parte humana. <b>As\u00ed naci\u00f3 la idea de crear un concurso \u00fanico, donde las reinas maduras encuentren un espacio para brillar y empoderarse.<\/b><br><br><b>An\u00edmate a ser parte de NUESTRA REINA LATINA.<\/b><\/p>\t\t\t\t\t\t\t\t<\/div>\n\t\t\t\t<\/div>\n\t\t\t\t<\/div>\n\t\t<div class=\"elementor-element elementor-element-d3858e6 e-con-full e-flex e-con e-child\" data-id=\"d3858e6\" data-element_type=\"container\" data-e-type=\"container\">\n\t\t\t\t<div class=\"elementor-element elementor-element-d4fc598 elementor-widget elementor-widget-image\" data-id=\"d4fc598\" data-element_type=\"widget\" data-e-type=\"widget\" data-widget_type=\"image.default\">\n\t\t\t\t<div class=\"elementor-widget-container\">\n\t\t\t\t\t\t\t\t\t\t\t\t\t\t\t<img decoding=\"async\" width=\"525\" height=\"807\" src=\"https:\/\/nuestrareinalatina.com\/web\/wp-content\/uploads\/2025\/01\/nuestra-reina-latina_ivana-img04-666x1024.webp\" class=\"attachment-large size-large wp-image-147\" alt=\"\" srcset=\"https:\/\/nuestrareinalatina.com\/web\/wp-content\/uploads\/2025\/01\/nuestra-reina-latina_ivana-img04-666x1024.webp 666w, https:\/\/nuestrareinalatina.com\/web\/wp-content\/uploads\/2025\/01\/nuestra-reina-latina_ivana-img04-195x300.webp 195w, https:\/\/nuestrareinalatina.com\/web\/wp-content\/uploads\/2025\/01\/nuestra-reina-latina_ivana-img04-768x1181.webp 768w, https:\/\/nuestrareinalatina.com\/web\/wp-content\/uploads\/2025\/01\/nuestra-reina-latina_ivana-img04.webp 780w\" sizes=\"100vw\" \/>\t\t\t\t\t\t\t\t\t\t\t\t\t\t\t<\/div>\n\t\t\t\t<\/div>\n\t\t\t\t<\/div>\n\t\t\t\t\t<\/div>\n\t\t\t\t<\/div>\n\t\t<div class=\"elementor-element elementor-element-f19f693 e-flex e-con-boxed e-con e-parent\" data-id=\"f19f693\" data-element_type=\"container\" data-e-type=\"container\" data-settings=\"{&quot;background_background&quot;:&quot;classic&quot;}\">\n\t\t\t\t\t<div class=\"e-con-inner\">\n\t\t\t\t<div class=\"elementor-element elementor-element-1b7fa18 elementor-widget elementor-widget-heading\" data-id=\"1b7fa18\" data-element_type=\"widget\" data-e-type=\"widget\" data-widget_type=\"heading.default\">\n\t\t\t\t<div class=\"elementor-widget-container\">\n\t\t\t\t\t<h1 class=\"elementor-heading-title elementor-size-default\">Este certamen es un recordatorio brillante que los sue\u00f1os siempre se hacen realidad<\/h1>\t\t\t\t<\/div>\n\t\t\t\t<\/div>\n\t\t\t\t\t<\/div>\n\t\t\t\t<\/div>\n\t\t<div class=\"elementor-element elementor-element-ac95516 e-flex e-con-boxed e-con e-parent\" data-id=\"ac95516\" data-element_type=\"container\" data-e-type=\"container\">\n\t\t\t\t\t<div class=\"e-con-inner\">\n\t\t<div class=\"elementor-element elementor-element-e3d5095 e-con-full e-flex e-con e-child\" data-id=\"e3d5095\" data-element_type=\"container\" data-e-type=\"container\">\n\t\t\t\t<div class=\"elementor-element elementor-element-53ff977 elementor-widget elementor-widget-image\" data-id=\"53ff977\" data-element_type=\"widget\" data-e-type=\"widget\" data-widget_type=\"image.default\">\n\t\t\t\t<div class=\"elementor-widget-container\">\n\t\t\t\t\t\t\t\t\t\t\t\t\t\t\t<img decoding=\"async\" width=\"525\" height=\"807\" src=\"https:\/\/nuestrareinalatina.com\/web\/wp-content\/uploads\/2025\/01\/nuestra-reina-latina_ivana-img03-666x1024.webp\" class=\"attachment-large size-large wp-image-146\" alt=\"\" srcset=\"https:\/\/nuestrareinalatina.com\/web\/wp-content\/uploads\/2025\/01\/nuestra-reina-latina_ivana-img03-666x1024.webp 666w, https:\/\/nuestrareinalatina.com\/web\/wp-content\/uploads\/2025\/01\/nuestra-reina-latina_ivana-img03-195x300.webp 195w, https:\/\/nuestrareinalatina.com\/web\/wp-content\/uploads\/2025\/01\/nuestra-reina-latina_ivana-img03-768x1181.webp 768w, https:\/\/nuestrareinalatina.com\/web\/wp-content\/uploads\/2025\/01\/nuestra-reina-latina_ivana-img03.webp 780w\" sizes=\"100vw\" \/>\t\t\t\t\t\t\t\t\t\t\t\t\t\t\t<\/div>\n\t\t\t\t<\/div>\n\t\t\t\t<\/div>\n\t\t<div class=\"elementor-element elementor-element-e0c70dd e-con-full e-flex e-con e-child\" data-id=\"e0c70dd\" data-element_type=\"container\" data-e-type=\"container\">\n\t\t\t\t<div class=\"elementor-element elementor-element-522ab7b elementor-widget elementor-widget-heading\" data-id=\"522ab7b\" data-element_type=\"widget\" data-e-type=\"widget\" data-widget_type=\"heading.default\">\n\t\t\t\t<div class=\"elementor-widget-container\">\n\t\t\t\t\t<h1 class=\"elementor-heading-title elementor-size-default\">La edad no es un impedimento, sino una ventaja<\/h1>\t\t\t\t<\/div>\n\t\t\t\t<\/div>\n\t\t\t\t<div class=\"elementor-element elementor-element-fa92d4b elementor-widget__width-inherit elementor-widget elementor-widget-text-editor\" data-id=\"fa92d4b\" data-element_type=\"widget\" data-e-type=\"widget\" data-widget_type=\"text-editor.default\">\n\t\t\t\t<div class=\"elementor-widget-container\">\n\t\t\t\t\t\t\t\t\t<p><b>\u00abNuestra Reina Latina\u00bb<\/b> es una oportunidad excepcional para demostrar que la edad de una mujer, dej\u00f3 de ser una limitante para ser una reina de belleza, as\u00ed como ya no impide que las mujeres puedan seguir y cumplir esos sue\u00f1os pendientes que por diversos motivos, no hab\u00edan podido alcanzar. Reconocemos que cada mujer es \u00fanica y posee una belleza propia que se nutre de sus experiencias, sabidur\u00eda y fortaleza emocional.<\/p><p>Empresaria, emprendedora, madre, esposa, hermana, hija&#8230; Todas podr\u00e1n dar un paso gigante para luchar por sus sue\u00f1os en la gran noche del concurso. No hay patrones que seguir, porque la belleza est\u00e1 en cada mujer que lo da todo por s\u00ed misma.<\/p><p><b><i>Viviremos una noche m\u00e1gica, sin est\u00e1ndares de belleza, donde valoramos a la MUJER que lucha por su SUE\u00d1O de ser NUESTRA REINA LATINA.<\/i><\/b><\/p>\t\t\t\t\t\t\t\t<\/div>\n\t\t\t\t<\/div>\n\t\t\t\t<\/div>\n\t\t\t\t\t<\/div>\n\t\t\t\t<\/div>\n\t\t<div class=\"elementor-element elementor-element-e081c96 e-flex e-con-boxed e-con e-parent\" data-id=\"e081c96\" data-element_type=\"container\" data-e-type=\"container\" data-settings=\"{&quot;background_background&quot;:&quot;classic&quot;}\">\n\t\t\t\t\t<div class=\"e-con-inner\">\n\t\t<div class=\"elementor-element elementor-element-5e42211 e-con-full e-flex e-con e-child\" data-id=\"5e42211\" data-element_type=\"container\" data-e-type=\"container\">\n\t\t\t\t<div class=\"elementor-element elementor-element-e7dd4d5 elementor-widget elementor-widget-heading\" data-id=\"e7dd4d5\" data-element_type=\"widget\" data-e-type=\"widget\" data-widget_type=\"heading.default\">\n\t\t\t\t<div class=\"elementor-widget-container\">\n\t\t\t\t\t<h1 class=\"elementor-heading-title elementor-size-default\">La belleza radica en<br> tu fuerza interior<\/h1>\t\t\t\t<\/div>\n\t\t\t\t<\/div>\n\t\t\t\t<div class=\"elementor-element elementor-element-6f22049 elementor-align-center cta elementor-widget elementor-widget-button\" data-id=\"6f22049\" data-element_type=\"widget\" data-e-type=\"widget\" data-widget_type=\"button.default\">\n\t\t\t\t<div class=\"elementor-widget-container\">\n\t\t\t\t\t\t\t\t\t<div class=\"elementor-button-wrapper\">\n\t\t\t\t\t<a class=\"elementor-button elementor-button-link elementor-size-sm\" href=\"https:\/\/nuestrareinalatina.com\/web\/casting\/\" target=\"_blank\">\n\t\t\t\t\t\t<span class=\"elementor-button-content-wrapper\">\n\t\t\t\t\t\t\t\t\t<span class=\"elementor-button-text\">Participa ahora<\/span>\n\t\t\t\t\t<\/span>\n\t\t\t\t\t<\/a>\n\t\t\t\t<\/div>\n\t\t\t\t\t\t\t\t<\/div>\n\t\t\t\t<\/div>\n\t\t\t\t<\/div>\n\t\t\t\t\t<\/div>\n\t\t\t\t<\/div>\n\t\t\t\t<\/div>\n\t\t","protected":false},"excerpt":{"rendered":"<p>Toda mujer fuerte y decidida, tiene oportunidad de brillar Enamorada del mundo de la belleza Desde que tengo memoria, me he sentido af\u00edn con el mundo del modelaje. Mi madre me cuenta que, desde muy temprana edad, ya desfilaba en el pasillo de nuestro hogar, como si estuviera destinada a caminar sobre una pasarela. De &hellip; <\/p>\n<p class=\"link-more\"><a href=\"https:\/\/nuestrareinalatina.com\/web\/ivana-lo-monaco\/\" class=\"more-link\">Continuar leyendo<span class=\"screen-reader-text\"> \u00abIvana Lo Monaco\u00bb<\/span><\/a><\/p>\n","protected":false},"author":1,"featured_media":0,"parent":0,"menu_order":0,"comment_status":"closed","ping_status":"closed","template":"elementor_header_footer","meta":{"footnotes":""},"class_list":["post-143","page","type-page","status-publish","hentry"],"_links":{"self":[{"href":"https:\/\/nuestrareinalatina.com\/web\/wp-json\/wp\/v2\/pages\/143","targetHints":{"allow":["GET"]}}],"collection":[{"href":"https:\/\/nuestrareinalatina.com\/web\/wp-json\/wp\/v2\/pages"}],"about":[{"href":"https:\/\/nuestrareinalatina.com\/web\/wp-json\/wp\/v2\/types\/page"}],"author":[{"embeddable":true,"href":"https:\/\/nuestrareinalatina.com\/web\/wp-json\/wp\/v2\/users\/1"}],"replies":[{"embeddable":true,"href":"https:\/\/nuestrareinalatina.com\/web\/wp-json\/wp\/v2\/comments?post=143"}],"version-history":[{"count":19,"href":"https:\/\/nuestrareinalatina.com\/web\/wp-json\/wp\/v2\/pages\/143\/revisions"}],"predecessor-version":[{"id":667,"href":"https:\/\/nuestrareinalatina.com\/web\/wp-json\/wp\/v2\/pages\/143\/revisions\/667"}],"wp:attachment":[{"href":"https:\/\/nuestrareinalatina.com\/web\/wp-json\/wp\/v2\/media?parent=143"}],"curies":[{"name":"wp","href":"https:\/\/api.w.org\/{rel}","templated":true}]}}