{"id":158,"date":"2025-01-24T00:53:26","date_gmt":"2025-01-24T00:53:26","guid":{"rendered":"https:\/\/nuestrareinalatina.com\/web\/?page_id=158"},"modified":"2025-01-24T15:21:15","modified_gmt":"2025-01-24T15:21:15","slug":"nosotros","status":"publish","type":"page","link":"https:\/\/nuestrareinalatina.com\/web\/nosotros\/","title":{"rendered":"Nosotros"},"content":{"rendered":"\t\t<div data-elementor-type=\"wp-page\" data-elementor-id=\"158\" class=\"elementor elementor-158\" data-elementor-post-type=\"page\">\n\t\t\t\t<div class=\"elementor-element elementor-element-a0c3ca2 e-flex e-con-boxed e-con e-parent\" data-id=\"a0c3ca2\" data-element_type=\"container\" data-e-type=\"container\" data-settings=\"{&quot;background_background&quot;:&quot;classic&quot;}\">\n\t\t\t\t\t<div class=\"e-con-inner\">\n\t\t<div class=\"elementor-element elementor-element-deb59d1 e-con-full e-flex e-con e-child\" data-id=\"deb59d1\" data-element_type=\"container\" data-e-type=\"container\">\n\t\t\t\t<div class=\"elementor-element elementor-element-d747efe golden elementor-widget elementor-widget-heading\" data-id=\"d747efe\" data-element_type=\"widget\" data-e-type=\"widget\" data-widget_type=\"heading.default\">\n\t\t\t\t<div class=\"elementor-widget-container\">\n\t\t\t\t\t<h1 class=\"elementor-heading-title elementor-size-default\">No importa la edad, sino el brillo y la confianza que transmites como mujer fuerte y decidida.<\/h1>\t\t\t\t<\/div>\n\t\t\t\t<\/div>\n\t\t\t\t<div class=\"elementor-element elementor-element-f6c01d5 elementor-widget elementor-widget-text-editor\" data-id=\"f6c01d5\" data-element_type=\"widget\" data-e-type=\"widget\" data-widget_type=\"text-editor.default\">\n\t\t\t\t<div class=\"elementor-widget-container\">\n\t\t\t\t\t\t\t\t\tNo te preocupes por los estereotipos o las expectativas de la sociedad. Aqu\u00ed, ser\u00e1s valorada por quien eres, tu encanto, elegancia y autenticidad.\t\t\t\t\t\t\t\t<\/div>\n\t\t\t\t<\/div>\n\t\t\t\t<\/div>\n\t\t<div class=\"elementor-element elementor-element-c2a1a0e e-con-full e-flex e-con e-child\" data-id=\"c2a1a0e\" data-element_type=\"container\" data-e-type=\"container\">\n\t\t\t\t<div class=\"elementor-element elementor-element-629ab27 elementor-widget__width-initial elementor-widget elementor-widget-image\" data-id=\"629ab27\" data-element_type=\"widget\" data-e-type=\"widget\" data-widget_type=\"image.default\">\n\t\t\t\t<div class=\"elementor-widget-container\">\n\t\t\t\t\t\t\t\t\t\t\t\t\t\t\t<img fetchpriority=\"high\" decoding=\"async\" width=\"236\" height=\"253\" src=\"https:\/\/nuestrareinalatina.com\/web\/wp-content\/uploads\/2025\/01\/NRL-Home_0000_Capa-10-1.png\" class=\"attachment-large size-large wp-image-154\" alt=\"\" sizes=\"100vw\" \/>\t\t\t\t\t\t\t\t\t\t\t\t\t\t\t<\/div>\n\t\t\t\t<\/div>\n\t\t\t\t<\/div>\n\t\t\t\t\t<\/div>\n\t\t\t\t<\/div>\n\t\t<div class=\"elementor-element elementor-element-8ae7936 e-flex e-con-boxed e-con e-parent\" data-id=\"8ae7936\" data-element_type=\"container\" data-e-type=\"container\">\n\t\t\t\t\t<div class=\"e-con-inner\">\n\t\t<div class=\"elementor-element elementor-element-d6b2dbc e-con-full e-flex e-con e-child\" data-id=\"d6b2dbc\" data-element_type=\"container\" data-e-type=\"container\">\n\t\t\t\t<div class=\"elementor-element elementor-element-4d0ce22 elementor-widget elementor-widget-image\" data-id=\"4d0ce22\" data-element_type=\"widget\" data-e-type=\"widget\" data-widget_type=\"image.default\">\n\t\t\t\t<div class=\"elementor-widget-container\">\n\t\t\t\t\t\t\t\t\t\t\t\t\t\t\t<img decoding=\"async\" width=\"525\" height=\"787\" src=\"https:\/\/nuestrareinalatina.com\/web\/wp-content\/uploads\/2025\/01\/nuestra-reina-latina_img-nosotros01a-scaled-1-683x1024.webp\" class=\"attachment-large size-large wp-image-166\" alt=\"\" srcset=\"https:\/\/nuestrareinalatina.com\/web\/wp-content\/uploads\/2025\/01\/nuestra-reina-latina_img-nosotros01a-scaled-1-683x1024.webp 683w, https:\/\/nuestrareinalatina.com\/web\/wp-content\/uploads\/2025\/01\/nuestra-reina-latina_img-nosotros01a-scaled-1-200x300.webp 200w, https:\/\/nuestrareinalatina.com\/web\/wp-content\/uploads\/2025\/01\/nuestra-reina-latina_img-nosotros01a-scaled-1-768x1152.webp 768w, https:\/\/nuestrareinalatina.com\/web\/wp-content\/uploads\/2025\/01\/nuestra-reina-latina_img-nosotros01a-scaled-1-1024x1536.webp 1024w, https:\/\/nuestrareinalatina.com\/web\/wp-content\/uploads\/2025\/01\/nuestra-reina-latina_img-nosotros01a-scaled-1-1366x2048.webp 1366w, https:\/\/nuestrareinalatina.com\/web\/wp-content\/uploads\/2025\/01\/nuestra-reina-latina_img-nosotros01a-scaled-1.webp 1707w\" sizes=\"100vw\" \/>\t\t\t\t\t\t\t\t\t\t\t\t\t\t\t<\/div>\n\t\t\t\t<\/div>\n\t\t\t\t<\/div>\n\t\t<div class=\"elementor-element elementor-element-6fd2c5e e-con-full e-flex e-con e-child\" data-id=\"6fd2c5e\" data-element_type=\"container\" data-e-type=\"container\">\n\t\t\t\t<div class=\"elementor-element elementor-element-5a91f4f elementor-widget elementor-widget-heading\" data-id=\"5a91f4f\" data-element_type=\"widget\" data-e-type=\"widget\" data-widget_type=\"heading.default\">\n\t\t\t\t<div class=\"elementor-widget-container\">\n\t\t\t\t\t<h1 class=\"elementor-heading-title elementor-size-default\">Celebramos la belleza real que se construye con amor propio, aceptaci\u00f3n y resiliencia.<\/h1>\t\t\t\t<\/div>\n\t\t\t\t<\/div>\n\t\t\t\t<div class=\"elementor-element elementor-element-0a12ae7 elementor-widget__width-inherit elementor-widget elementor-widget-text-editor\" data-id=\"0a12ae7\" data-element_type=\"widget\" data-e-type=\"widget\" data-widget_type=\"text-editor.default\">\n\t\t\t\t<div class=\"elementor-widget-container\">\n\t\t\t\t\t\t\t\t\t<p>Buscamos romper con los estereotipos y prejuicios que suelen estar asociados \u00fanicamente a la juventud y resaltar la belleza interior y exterior de las mujeres adultas que participen en nuestro certamen.<\/p><p>Lograremos empoderar a las participantes y brindarles una plataforma para expresarse, demostrando que la belleza no tiene l\u00edmites de edad. Adem\u00e1s, promovemos la aceptaci\u00f3n y el respeto, fomentando la diversidad y la inclusi\u00f3n.<\/p><p>Aqu\u00ed, ser\u00e1s valorada por quien eres y por todo lo que has construido a lo largo de los a\u00f1os y por tu historia. Reconocemos que la verdadera belleza se encuentra en la determinaci\u00f3n, la pasi\u00f3n y la autenticidad de cada persona.<\/p><p><b><i>\u00a1Es hora de brillar y dejar que el mundo admire el poder de las mujeres adultas!<\/i><\/b><\/p>\t\t\t\t\t\t\t\t<\/div>\n\t\t\t\t<\/div>\n\t\t\t\t<div class=\"elementor-element elementor-element-f9828cd elementor-align-left cta elementor-mobile-align-center elementor-widget elementor-widget-button\" data-id=\"f9828cd\" data-element_type=\"widget\" data-e-type=\"widget\" data-widget_type=\"button.default\">\n\t\t\t\t<div class=\"elementor-widget-container\">\n\t\t\t\t\t\t\t\t\t<div class=\"elementor-button-wrapper\">\n\t\t\t\t\t<a class=\"elementor-button elementor-button-link elementor-size-sm\" href=\"https:\/\/nuestrareinalatina.com\/web\/casting\/\" target=\"_blank\">\n\t\t\t\t\t\t<span class=\"elementor-button-content-wrapper\">\n\t\t\t\t\t\t\t\t\t<span class=\"elementor-button-text\">Quiero hacer el casting<\/span>\n\t\t\t\t\t<\/span>\n\t\t\t\t\t<\/a>\n\t\t\t\t<\/div>\n\t\t\t\t\t\t\t\t<\/div>\n\t\t\t\t<\/div>\n\t\t\t\t<\/div>\n\t\t\t\t\t<\/div>\n\t\t\t\t<\/div>\n\t\t<div class=\"elementor-element elementor-element-0791dc9 e-flex e-con-boxed e-con e-parent\" data-id=\"0791dc9\" data-element_type=\"container\" data-e-type=\"container\" data-settings=\"{&quot;background_background&quot;:&quot;classic&quot;}\">\n\t\t\t\t\t<div class=\"e-con-inner\">\n\t\t<div class=\"elementor-element elementor-element-37936c4 e-con-full e-flex e-con e-child\" data-id=\"37936c4\" data-element_type=\"container\" data-e-type=\"container\">\n\t\t<div class=\"elementor-element elementor-element-61d98ee e-con-full e-flex e-con e-child\" data-id=\"61d98ee\" data-element_type=\"container\" data-e-type=\"container\">\n\t\t<div class=\"elementor-element elementor-element-5328cc9 e-con-full e-flex e-con e-child\" data-id=\"5328cc9\" data-element_type=\"container\" data-e-type=\"container\">\n\t\t\t\t<div class=\"elementor-element elementor-element-4515b8f elementor-widget elementor-widget-heading\" data-id=\"4515b8f\" data-element_type=\"widget\" data-e-type=\"widget\" data-widget_type=\"heading.default\">\n\t\t\t\t<div class=\"elementor-widget-container\">\n\t\t\t\t\t<h1 class=\"elementor-heading-title elementor-size-default\">Nuestra misi\u00f3n<\/h1>\t\t\t\t<\/div>\n\t\t\t\t<\/div>\n\t\t\t\t<div class=\"elementor-element elementor-element-87bc0d6 elementor-widget__width-inherit elementor-widget elementor-widget-text-editor\" data-id=\"87bc0d6\" data-element_type=\"widget\" data-e-type=\"widget\" data-widget_type=\"text-editor.default\">\n\t\t\t\t<div class=\"elementor-widget-container\">\n\t\t\t\t\t\t\t\t\tEste certamen surge con una misi\u00f3n clara: cambiar las reglas y demostrar que la verdadera belleza trasciende con los a\u00f1os. En Nuestra Reina Latina, cada mujer tiene la oportunidad de ser aplaudida y de brillar.\t\t\t\t\t\t\t\t<\/div>\n\t\t\t\t<\/div>\n\t\t\t\t<\/div>\n\t\t<div class=\"elementor-element elementor-element-3b4d932 e-con-full e-flex e-con e-child\" data-id=\"3b4d932\" data-element_type=\"container\" data-e-type=\"container\">\n\t\t\t\t<div class=\"elementor-element elementor-element-6ebe494 elementor-widget elementor-widget-heading\" data-id=\"6ebe494\" data-element_type=\"widget\" data-e-type=\"widget\" data-widget_type=\"heading.default\">\n\t\t\t\t<div class=\"elementor-widget-container\">\n\t\t\t\t\t<h1 class=\"elementor-heading-title elementor-size-default\">Un espacio para ser y valer<\/h1>\t\t\t\t<\/div>\n\t\t\t\t<\/div>\n\t\t\t\t<div class=\"elementor-element elementor-element-3a4bdad elementor-widget__width-inherit elementor-widget elementor-widget-text-editor\" data-id=\"3a4bdad\" data-element_type=\"widget\" data-e-type=\"widget\" data-widget_type=\"text-editor.default\">\n\t\t\t\t<div class=\"elementor-widget-container\">\n\t\t\t\t\t\t\t\t\tLas mujeres participantes demostrar\u00e1n su talento, sus valores, su determinaci\u00f3n y su estilo \u00fanico. Compartir\u00e1n sus historias de vida, inspirando a otras mujeres a sentirse seguras y orgullosas de s\u00ed mismas, sin importar los retos o barreras que la vida les interponga.\t\t\t\t\t\t\t\t<\/div>\n\t\t\t\t<\/div>\n\t\t\t\t<\/div>\n\t\t\t\t<\/div>\n\t\t<div class=\"elementor-element elementor-element-c5577f0 e-con-full e-flex e-con e-child\" data-id=\"c5577f0\" data-element_type=\"container\" data-e-type=\"container\">\n\t\t<div class=\"elementor-element elementor-element-5c1363c e-con-full e-flex e-con e-child\" data-id=\"5c1363c\" data-element_type=\"container\" data-e-type=\"container\">\n\t\t\t\t<div class=\"elementor-element elementor-element-f69264d elementor-widget elementor-widget-heading\" data-id=\"f69264d\" data-element_type=\"widget\" data-e-type=\"widget\" data-widget_type=\"heading.default\">\n\t\t\t\t<div class=\"elementor-widget-container\">\n\t\t\t\t\t<h1 class=\"elementor-heading-title elementor-size-default\">M\u00e1s all\u00e1 <br>del concurso<\/h1>\t\t\t\t<\/div>\n\t\t\t\t<\/div>\n\t\t\t\t<div class=\"elementor-element elementor-element-86908c5 elementor-widget__width-inherit elementor-widget elementor-widget-text-editor\" data-id=\"86908c5\" data-element_type=\"widget\" data-e-type=\"widget\" data-widget_type=\"text-editor.default\">\n\t\t\t\t<div class=\"elementor-widget-container\">\n\t\t\t\t\t\t\t\t\tNunca es tarde para alcanzar el \u00e9xito y con nuestra formaci\u00f3n en diversas \u00e1reas, tendr\u00e1n de primera mano las herramientas m\u00e1s importantes para que sigan confiando en ellas y crezcan a nivel personal y profesional.\t\t\t\t\t\t\t\t<\/div>\n\t\t\t\t<\/div>\n\t\t\t\t<\/div>\n\t\t<div class=\"elementor-element elementor-element-43b5426 e-con-full e-flex e-con e-child\" data-id=\"43b5426\" data-element_type=\"container\" data-e-type=\"container\">\n\t\t\t\t<div class=\"elementor-element elementor-element-6df4675 elementor-widget elementor-widget-heading\" data-id=\"6df4675\" data-element_type=\"widget\" data-e-type=\"widget\" data-widget_type=\"heading.default\">\n\t\t\t\t<div class=\"elementor-widget-container\">\n\t\t\t\t\t<h1 class=\"elementor-heading-title elementor-size-default\">No se trata de medidas ni de edad<\/h1>\t\t\t\t<\/div>\n\t\t\t\t<\/div>\n\t\t\t\t<div class=\"elementor-element elementor-element-6ea6a48 elementor-widget__width-inherit elementor-widget elementor-widget-text-editor\" data-id=\"6ea6a48\" data-element_type=\"widget\" data-e-type=\"widget\" data-widget_type=\"text-editor.default\">\n\t\t\t\t<div class=\"elementor-widget-container\">\n\t\t\t\t\t\t\t\t\tEn un mundo obsesionado con las apariencias y los est\u00e1ndares de belleza, es fundamental destacar la verdadera esencia y valor de cada mujer. La belleza no deber\u00eda medirse por unas simples medidas sino por su fuerza interior, su capacidad de reinventarse y por su amor propio inquebrantable.\t\t\t\t\t\t\t\t<\/div>\n\t\t\t\t<\/div>\n\t\t\t\t<\/div>\n\t\t\t\t<\/div>\n\t\t\t\t<\/div>\n\t\t\t\t\t<\/div>\n\t\t\t\t<\/div>\n\t\t<div class=\"elementor-element elementor-element-3833452 e-flex e-con-boxed e-con e-parent\" data-id=\"3833452\" data-element_type=\"container\" data-e-type=\"container\">\n\t\t\t\t\t<div class=\"e-con-inner\">\n\t\t\t\t<div class=\"elementor-element elementor-element-25978b0 elementor-widget elementor-widget-heading\" data-id=\"25978b0\" data-element_type=\"widget\" data-e-type=\"widget\" data-widget_type=\"heading.default\">\n\t\t\t\t<div class=\"elementor-widget-container\">\n\t\t\t\t\t<h1 class=\"elementor-heading-title elementor-size-default\">\u00bfQuieres formar parte de <br>nuestro certamen y cumplir<br>tus sue\u00f1os pendientes?<\/h1>\t\t\t\t<\/div>\n\t\t\t\t<\/div>\n\t\t\t\t<div class=\"elementor-element elementor-element-b5706e2 elementor-align-center cta elementor-widget elementor-widget-button\" data-id=\"b5706e2\" data-element_type=\"widget\" data-e-type=\"widget\" data-widget_type=\"button.default\">\n\t\t\t\t<div class=\"elementor-widget-container\">\n\t\t\t\t\t\t\t\t\t<div class=\"elementor-button-wrapper\">\n\t\t\t\t\t<a class=\"elementor-button elementor-button-link elementor-size-sm\" href=\"https:\/\/nuestrareinalatina.com\/web\/casting\/\" target=\"_blank\">\n\t\t\t\t\t\t<span class=\"elementor-button-content-wrapper\">\n\t\t\t\t\t\t\t\t\t<span class=\"elementor-button-text\">s\u00ed, quiero<\/span>\n\t\t\t\t\t<\/span>\n\t\t\t\t\t<\/a>\n\t\t\t\t<\/div>\n\t\t\t\t\t\t\t\t<\/div>\n\t\t\t\t<\/div>\n\t\t\t\t\t<\/div>\n\t\t\t\t<\/div>\n\t\t\t\t<\/div>\n\t\t","protected":false},"excerpt":{"rendered":"<p>No importa la edad, sino el brillo y la confianza que transmites como mujer fuerte y decidida. No te preocupes por los estereotipos o las expectativas de la sociedad. Aqu\u00ed, ser\u00e1s valorada por quien eres, tu encanto, elegancia y autenticidad. Celebramos la belleza real que se construye con amor propio, aceptaci\u00f3n y resiliencia. Buscamos romper &hellip; <\/p>\n<p class=\"link-more\"><a href=\"https:\/\/nuestrareinalatina.com\/web\/nosotros\/\" class=\"more-link\">Continuar leyendo<span class=\"screen-reader-text\"> \u00abNosotros\u00bb<\/span><\/a><\/p>\n","protected":false},"author":1,"featured_media":0,"parent":0,"menu_order":0,"comment_status":"closed","ping_status":"closed","template":"elementor_header_footer","meta":{"footnotes":""},"class_list":["post-158","page","type-page","status-publish","hentry"],"_links":{"self":[{"href":"https:\/\/nuestrareinalatina.com\/web\/wp-json\/wp\/v2\/pages\/158","targetHints":{"allow":["GET"]}}],"collection":[{"href":"https:\/\/nuestrareinalatina.com\/web\/wp-json\/wp\/v2\/pages"}],"about":[{"href":"https:\/\/nuestrareinalatina.com\/web\/wp-json\/wp\/v2\/types\/page"}],"author":[{"embeddable":true,"href":"https:\/\/nuestrareinalatina.com\/web\/wp-json\/wp\/v2\/users\/1"}],"replies":[{"embeddable":true,"href":"https:\/\/nuestrareinalatina.com\/web\/wp-json\/wp\/v2\/comments?post=158"}],"version-history":[{"count":22,"href":"https:\/\/nuestrareinalatina.com\/web\/wp-json\/wp\/v2\/pages\/158\/revisions"}],"predecessor-version":[{"id":664,"href":"https:\/\/nuestrareinalatina.com\/web\/wp-json\/wp\/v2\/pages\/158\/revisions\/664"}],"wp:attachment":[{"href":"https:\/\/nuestrareinalatina.com\/web\/wp-json\/wp\/v2\/media?parent=158"}],"curies":[{"name":"wp","href":"https:\/\/api.w.org\/{rel}","templated":true}]}}